{"id":76,"date":"2017-09-19T21:39:17","date_gmt":"2017-09-19T19:39:17","guid":{"rendered":"http:\/\/karwodrza.pl\/?page_id=76"},"modified":"2018-03-04T21:37:33","modified_gmt":"2018-03-04T20:37:33","slug":"galeria","status":"publish","type":"page","link":"https:\/\/karwodrza.pl\/index.php\/galeria\/","title":{"rendered":"Galeria"},"content":{"rendered":"<p style=\"text-align: center;\"><span style=\"color: #0000ff;\"><strong>Zima w Karwodrzy w obiektywie Pana Jana Gawrya\u0142a &#8211; 4 marca 2018<\/strong><\/span><\/p>\n<p style=\"text-align: center;\"><span style=\"color: #0000ff;\"><strong><img loading=\"lazy\" decoding=\"async\" class=\"aligncenter wp-image-549 size-large\" src=\"https:\/\/karwodrza.pl\/wp-content\/uploads\/2018\/03\/Kopia-IMG_7417-1024x768.jpg\" alt=\"\" width=\"640\" height=\"480\" srcset=\"https:\/\/karwodrza.pl\/wp-content\/uploads\/2018\/03\/Kopia-IMG_7417.jpg 1024w, https:\/\/karwodrza.pl\/wp-content\/uploads\/2018\/03\/Kopia-IMG_7417-300x225.jpg 300w, https:\/\/karwodrza.pl\/wp-content\/uploads\/2018\/03\/Kopia-IMG_7417-768x576.jpg 768w, https:\/\/karwodrza.pl\/wp-content\/uploads\/2018\/03\/Kopia-IMG_7417-360x270.jpg 360w\" sizes=\"auto, (max-width: 640px) 100vw, 640px\" \/> <img loading=\"lazy\" decoding=\"async\" class=\"aligncenter wp-image-550 size-large\" src=\"https:\/\/karwodrza.pl\/wp-content\/uploads\/2018\/03\/Kopia-IMG_7420-1024x768.jpg\" alt=\"\" width=\"640\" height=\"480\" srcset=\"https:\/\/karwodrza.pl\/wp-content\/uploads\/2018\/03\/Kopia-IMG_7420.jpg 1024w, https:\/\/karwodrza.pl\/wp-content\/uploads\/2018\/03\/Kopia-IMG_7420-300x225.jpg 300w, https:\/\/karwodrza.pl\/wp-content\/uploads\/2018\/03\/Kopia-IMG_7420-768x576.jpg 768w, https:\/\/karwodrza.pl\/wp-content\/uploads\/2018\/03\/Kopia-IMG_7420-360x270.jpg 360w\" sizes=\"auto, (max-width: 640px) 100vw, 640px\" \/> <img loading=\"lazy\" decoding=\"async\" class=\"aligncenter wp-image-552 size-large\" src=\"https:\/\/karwodrza.pl\/wp-content\/uploads\/2018\/03\/Kopia-IMG_7422-1024x768.jpg\" alt=\"\" width=\"640\" height=\"480\" srcset=\"https:\/\/karwodrza.pl\/wp-content\/uploads\/2018\/03\/Kopia-IMG_7422.jpg 1024w, https:\/\/karwodrza.pl\/wp-content\/uploads\/2018\/03\/Kopia-IMG_7422-300x225.jpg 300w, https:\/\/karwodrza.pl\/wp-content\/uploads\/2018\/03\/Kopia-IMG_7422-768x576.jpg 768w, https:\/\/karwodrza.pl\/wp-content\/uploads\/2018\/03\/Kopia-IMG_7422-360x270.jpg 360w\" sizes=\"auto, (max-width: 640px) 100vw, 640px\" \/> <img loading=\"lazy\" decoding=\"async\" class=\"aligncenter wp-image-553 size-large\" src=\"https:\/\/karwodrza.pl\/wp-content\/uploads\/2018\/03\/Kopia-IMG_7424-1024x768.jpg\" alt=\"\" width=\"640\" height=\"480\" srcset=\"https:\/\/karwodrza.pl\/wp-content\/uploads\/2018\/03\/Kopia-IMG_7424.jpg 1024w, https:\/\/karwodrza.pl\/wp-content\/uploads\/2018\/03\/Kopia-IMG_7424-300x225.jpg 300w, https:\/\/karwodrza.pl\/wp-content\/uploads\/2018\/03\/Kopia-IMG_7424-768x576.jpg 768w, https:\/\/karwodrza.pl\/wp-content\/uploads\/2018\/03\/Kopia-IMG_7424-360x270.jpg 360w\" sizes=\"auto, (max-width: 640px) 100vw, 640px\" \/> <img loading=\"lazy\" decoding=\"async\" class=\"aligncenter wp-image-554 size-large\" src=\"https:\/\/karwodrza.pl\/wp-content\/uploads\/2018\/03\/Kopia-IMG_7429-1024x768.jpg\" alt=\"\" width=\"640\" height=\"480\" srcset=\"https:\/\/karwodrza.pl\/wp-content\/uploads\/2018\/03\/Kopia-IMG_7429.jpg 1024w, https:\/\/karwodrza.pl\/wp-content\/uploads\/2018\/03\/Kopia-IMG_7429-300x225.jpg 300w, https:\/\/karwodrza.pl\/wp-content\/uploads\/2018\/03\/Kopia-IMG_7429-768x576.jpg 768w, https:\/\/karwodrza.pl\/wp-content\/uploads\/2018\/03\/Kopia-IMG_7429-360x270.jpg 360w\" sizes=\"auto, (max-width: 640px) 100vw, 640px\" \/> <img loading=\"lazy\" decoding=\"async\" class=\"aligncenter wp-image-555 size-large\" src=\"https:\/\/karwodrza.pl\/wp-content\/uploads\/2018\/03\/Kopia-IMG_7431-1024x768.jpg\" alt=\"\" width=\"640\" height=\"480\" srcset=\"https:\/\/karwodrza.pl\/wp-content\/uploads\/2018\/03\/Kopia-IMG_7431.jpg 1024w, https:\/\/karwodrza.pl\/wp-content\/uploads\/2018\/03\/Kopia-IMG_7431-300x225.jpg 300w, https:\/\/karwodrza.pl\/wp-content\/uploads\/2018\/03\/Kopia-IMG_7431-768x576.jpg 768w, https:\/\/karwodrza.pl\/wp-content\/uploads\/2018\/03\/Kopia-IMG_7431-360x270.jpg 360w\" sizes=\"auto, (max-width: 640px) 100vw, 640px\" \/> <img loading=\"lazy\" decoding=\"async\" class=\"aligncenter wp-image-556 size-large\" src=\"https:\/\/karwodrza.pl\/wp-content\/uploads\/2018\/03\/Kopia-IMG_7433-1024x768.jpg\" alt=\"\" width=\"640\" height=\"480\" srcset=\"https:\/\/karwodrza.pl\/wp-content\/uploads\/2018\/03\/Kopia-IMG_7433.jpg 1024w, https:\/\/karwodrza.pl\/wp-content\/uploads\/2018\/03\/Kopia-IMG_7433-300x225.jpg 300w, https:\/\/karwodrza.pl\/wp-content\/uploads\/2018\/03\/Kopia-IMG_7433-768x576.jpg 768w, https:\/\/karwodrza.pl\/wp-content\/uploads\/2018\/03\/Kopia-IMG_7433-360x270.jpg 360w\" sizes=\"auto, (max-width: 640px) 100vw, 640px\" \/> <img loading=\"lazy\" decoding=\"async\" class=\"aligncenter wp-image-557 size-large\" src=\"https:\/\/karwodrza.pl\/wp-content\/uploads\/2018\/03\/Kopia-IMG_7434-1024x768.jpg\" alt=\"\" width=\"640\" height=\"480\" srcset=\"https:\/\/karwodrza.pl\/wp-content\/uploads\/2018\/03\/Kopia-IMG_7434.jpg 1024w, https:\/\/karwodrza.pl\/wp-content\/uploads\/2018\/03\/Kopia-IMG_7434-300x225.jpg 300w, https:\/\/karwodrza.pl\/wp-content\/uploads\/2018\/03\/Kopia-IMG_7434-768x576.jpg 768w, https:\/\/karwodrza.pl\/wp-content\/uploads\/2018\/03\/Kopia-IMG_7434-360x270.jpg 360w\" sizes=\"auto, (max-width: 640px) 100vw, 640px\" \/> <img loading=\"lazy\" decoding=\"async\" class=\"aligncenter wp-image-558 size-large\" src=\"https:\/\/karwodrza.pl\/wp-content\/uploads\/2018\/03\/Kopia-IMG_7436-1024x768.jpg\" alt=\"\" width=\"640\" height=\"480\" srcset=\"https:\/\/karwodrza.pl\/wp-content\/uploads\/2018\/03\/Kopia-IMG_7436.jpg 1024w, https:\/\/karwodrza.pl\/wp-content\/uploads\/2018\/03\/Kopia-IMG_7436-300x225.jpg 300w, https:\/\/karwodrza.pl\/wp-content\/uploads\/2018\/03\/Kopia-IMG_7436-768x576.jpg 768w, https:\/\/karwodrza.pl\/wp-content\/uploads\/2018\/03\/Kopia-IMG_7436-360x270.jpg 360w\" sizes=\"auto, (max-width: 640px) 100vw, 640px\" \/> <img loading=\"lazy\" decoding=\"async\" class=\"aligncenter wp-image-559 size-large\" src=\"https:\/\/karwodrza.pl\/wp-content\/uploads\/2018\/03\/Kopia-IMG_7437-1024x768.jpg\" alt=\"\" width=\"640\" height=\"480\" srcset=\"https:\/\/karwodrza.pl\/wp-content\/uploads\/2018\/03\/Kopia-IMG_7437.jpg 1024w, https:\/\/karwodrza.pl\/wp-content\/uploads\/2018\/03\/Kopia-IMG_7437-300x225.jpg 300w, https:\/\/karwodrza.pl\/wp-content\/uploads\/2018\/03\/Kopia-IMG_7437-768x576.jpg 768w, https:\/\/karwodrza.pl\/wp-content\/uploads\/2018\/03\/Kopia-IMG_7437-360x270.jpg 360w\" sizes=\"auto, (max-width: 640px) 100vw, 640px\" \/> <img loading=\"lazy\" decoding=\"async\" class=\"aligncenter wp-image-560 size-large\" src=\"https:\/\/karwodrza.pl\/wp-content\/uploads\/2018\/03\/Kopia-IMG_7441-1024x768.jpg\" alt=\"\" width=\"640\" height=\"480\" srcset=\"https:\/\/karwodrza.pl\/wp-content\/uploads\/2018\/03\/Kopia-IMG_7441.jpg 1024w, https:\/\/karwodrza.pl\/wp-content\/uploads\/2018\/03\/Kopia-IMG_7441-300x225.jpg 300w, https:\/\/karwodrza.pl\/wp-content\/uploads\/2018\/03\/Kopia-IMG_7441-768x576.jpg 768w, https:\/\/karwodrza.pl\/wp-content\/uploads\/2018\/03\/Kopia-IMG_7441-360x270.jpg 360w\" sizes=\"auto, (max-width: 640px) 100vw, 640px\" \/> <img loading=\"lazy\" decoding=\"async\" class=\"aligncenter wp-image-561 size-large\" src=\"https:\/\/karwodrza.pl\/wp-content\/uploads\/2018\/03\/Kopia-IMG_7443-1024x768.jpg\" alt=\"\" width=\"640\" height=\"480\" srcset=\"https:\/\/karwodrza.pl\/wp-content\/uploads\/2018\/03\/Kopia-IMG_7443.jpg 1024w, https:\/\/karwodrza.pl\/wp-content\/uploads\/2018\/03\/Kopia-IMG_7443-300x225.jpg 300w, https:\/\/karwodrza.pl\/wp-content\/uploads\/2018\/03\/Kopia-IMG_7443-768x576.jpg 768w, https:\/\/karwodrza.pl\/wp-content\/uploads\/2018\/03\/Kopia-IMG_7443-360x270.jpg 360w\" sizes=\"auto, (max-width: 640px) 100vw, 640px\" \/><\/strong><\/span><\/p>\n<p>&nbsp;<\/p>\n<p style=\"text-align: center;\">\n<p><img loading=\"lazy\" decoding=\"async\" class=\"aligncenter wp-image-349 size-full\" src=\"https:\/\/karwodrza.pl\/wp-content\/uploads\/2017\/12\/ec6c977a92f15ba1e3bdba4e7b2e1b9a.png\" alt=\"\" width=\"2953\" height=\"1477\" srcset=\"https:\/\/karwodrza.pl\/wp-content\/uploads\/2017\/12\/ec6c977a92f15ba1e3bdba4e7b2e1b9a.png 2953w, https:\/\/karwodrza.pl\/wp-content\/uploads\/2017\/12\/ec6c977a92f15ba1e3bdba4e7b2e1b9a-300x150.png 300w, https:\/\/karwodrza.pl\/wp-content\/uploads\/2017\/12\/ec6c977a92f15ba1e3bdba4e7b2e1b9a-768x384.png 768w, https:\/\/karwodrza.pl\/wp-content\/uploads\/2017\/12\/ec6c977a92f15ba1e3bdba4e7b2e1b9a-1024x512.png 1024w, https:\/\/karwodrza.pl\/wp-content\/uploads\/2017\/12\/ec6c977a92f15ba1e3bdba4e7b2e1b9a-540x270.png 540w\" sizes=\"auto, (max-width: 2953px) 100vw, 2953px\" \/><\/p>\n<p>&nbsp;<\/p>\n<p style=\"text-align: center;\"><strong><span style=\"color: #ff6600;\">Weso\u0142ych \u015awi\u0105t Bo\u017cego Narodzenia i Szcz\u0119\u015bliwego Nowego 2018 Roku!<\/span><\/strong><\/p>\n<p><img loading=\"lazy\" decoding=\"async\" class=\"aligncenter wp-image-340 size-full\" src=\"https:\/\/karwodrza.pl\/wp-content\/uploads\/2017\/12\/Christmas-Time-christmas-17965757-1920-1200.jpg\" alt=\"\" width=\"1920\" height=\"1200\" srcset=\"https:\/\/karwodrza.pl\/wp-content\/uploads\/2017\/12\/Christmas-Time-christmas-17965757-1920-1200.jpg 1920w, https:\/\/karwodrza.pl\/wp-content\/uploads\/2017\/12\/Christmas-Time-christmas-17965757-1920-1200-300x188.jpg 300w, https:\/\/karwodrza.pl\/wp-content\/uploads\/2017\/12\/Christmas-Time-christmas-17965757-1920-1200-768x480.jpg 768w, https:\/\/karwodrza.pl\/wp-content\/uploads\/2017\/12\/Christmas-Time-christmas-17965757-1920-1200-1024x640.jpg 1024w, https:\/\/karwodrza.pl\/wp-content\/uploads\/2017\/12\/Christmas-Time-christmas-17965757-1920-1200-432x270.jpg 432w\" sizes=\"auto, (max-width: 1920px) 100vw, 1920px\" \/><\/p>\n<p>&nbsp;<\/p>\n<div id=\"attachment_162\" style=\"width: 3224px\" class=\"wp-caption aligncenter\"><img loading=\"lazy\" decoding=\"async\" aria-describedby=\"caption-attachment-162\" class=\"wp-image-162 size-full\" src=\"https:\/\/karwodrza.pl\/wp-content\/uploads\/2017\/09\/DSC01183_resize.jpg\" alt=\"\" width=\"3214\" height=\"2139\" srcset=\"https:\/\/karwodrza.pl\/wp-content\/uploads\/2017\/09\/DSC01183_resize.jpg 3214w, https:\/\/karwodrza.pl\/wp-content\/uploads\/2017\/09\/DSC01183_resize-300x200.jpg 300w, https:\/\/karwodrza.pl\/wp-content\/uploads\/2017\/09\/DSC01183_resize-768x511.jpg 768w, https:\/\/karwodrza.pl\/wp-content\/uploads\/2017\/09\/DSC01183_resize-1024x681.jpg 1024w, https:\/\/karwodrza.pl\/wp-content\/uploads\/2017\/09\/DSC01183_resize-406x270.jpg 406w\" sizes=\"auto, (max-width: 3214px) 100vw, 3214px\" \/><p id=\"caption-attachment-162\" class=\"wp-caption-text\">SONY DSC<\/p><\/div>\n<p><img loading=\"lazy\" decoding=\"async\" class=\"aligncenter wp-image-125 size-large\" src=\"https:\/\/karwodrza.pl\/wp-content\/uploads\/2017\/09\/20170910_083930_RichtoneHDR-tile_resize-768x1024.jpg\" alt=\"\" width=\"640\" height=\"853\" srcset=\"https:\/\/karwodrza.pl\/wp-content\/uploads\/2017\/09\/20170910_083930_RichtoneHDR-tile_resize-768x1024.jpg 768w, https:\/\/karwodrza.pl\/wp-content\/uploads\/2017\/09\/20170910_083930_RichtoneHDR-tile_resize-225x300.jpg 225w, https:\/\/karwodrza.pl\/wp-content\/uploads\/2017\/09\/20170910_083930_RichtoneHDR-tile_resize-203x270.jpg 203w\" sizes=\"auto, (max-width: 640px) 100vw, 640px\" \/><\/p>\n\n\t\t<style type=\"text\/css\">\n\t\t\t#gallery-1 {\n\t\t\t\tmargin: auto;\n\t\t\t}\n\t\t\t#gallery-1 .gallery-item {\n\t\t\t\tfloat: left;\n\t\t\t\tmargin-top: 10px;\n\t\t\t\ttext-align: center;\n\t\t\t\twidth: 20%;\n\t\t\t}\n\t\t\t#gallery-1 img {\n\t\t\t\tborder: 2px solid #cfcfcf;\n\t\t\t}\n\t\t\t#gallery-1 .gallery-caption {\n\t\t\t\tmargin-left: 0;\n\t\t\t}\n\t\t\t\/* see gallery_shortcode() in wp-includes\/media.php *\/\n\t\t<\/style>\n\t\t<div id='gallery-1' class='gallery galleryid-76 gallery-columns-5 gallery-size-thumbnail'><dl class='gallery-item'>\n\t\t\t<dt class='gallery-icon landscape'>\n\t\t\t\t<a href='https:\/\/karwodrza.pl\/2017-09-17\/'><img loading=\"lazy\" decoding=\"async\" width=\"150\" height=\"150\" src=\"https:\/\/karwodrza.pl\/wp-content\/uploads\/2017\/09\/2017-09-17-150x150.png\" class=\"attachment-thumbnail size-thumbnail\" alt=\"\" \/><\/a>\n\t\t\t<\/dt><\/dl><dl class='gallery-item'>\n\t\t\t<dt class='gallery-icon landscape'>\n\t\t\t\t<a href='https:\/\/karwodrza.pl\/cropped-2017-09-17-png\/'><img loading=\"lazy\" decoding=\"async\" width=\"150\" height=\"150\" src=\"https:\/\/karwodrza.pl\/wp-content\/uploads\/2017\/09\/cropped-2017-09-17-150x150.png\" class=\"attachment-thumbnail size-thumbnail\" alt=\"\" \/><\/a>\n\t\t\t<\/dt><\/dl><dl class='gallery-item'>\n\t\t\t<dt class='gallery-icon portrait'>\n\t\t\t\t<a href='https:\/\/karwodrza.pl\/19895125_173812226491275_7427175943154536672_n\/'><img loading=\"lazy\" decoding=\"async\" width=\"150\" height=\"150\" src=\"https:\/\/karwodrza.pl\/wp-content\/uploads\/2017\/09\/19895125_173812226491275_7427175943154536672_n-150x150.jpg\" class=\"attachment-thumbnail size-thumbnail\" alt=\"\" \/><\/a>\n\t\t\t<\/dt><\/dl><dl class='gallery-item'>\n\t\t\t<dt class='gallery-icon landscape'>\n\t\t\t\t<a href='https:\/\/karwodrza.pl\/sony-dsc\/'><img loading=\"lazy\" decoding=\"async\" width=\"150\" height=\"150\" src=\"https:\/\/karwodrza.pl\/wp-content\/uploads\/2017\/09\/DSC09122_resize-150x150.jpg\" class=\"attachment-thumbnail size-thumbnail\" alt=\"\" aria-describedby=\"gallery-1-58\" \/><\/a>\n\t\t\t<\/dt>\n\t\t\t\t<dd class='wp-caption-text gallery-caption' id='gallery-1-58'>\n\t\t\t\tSONY DSC\n\t\t\t\t<\/dd><\/dl><dl class='gallery-item'>\n\t\t\t<dt class='gallery-icon landscape'>\n\t\t\t\t<a href='https:\/\/karwodrza.pl\/sony-dsc-2\/'><img loading=\"lazy\" decoding=\"async\" width=\"150\" height=\"150\" src=\"https:\/\/karwodrza.pl\/wp-content\/uploads\/2017\/09\/DSC09131_resize-150x150.jpg\" class=\"attachment-thumbnail size-thumbnail\" alt=\"\" aria-describedby=\"gallery-1-59\" \/><\/a>\n\t\t\t<\/dt>\n\t\t\t\t<dd class='wp-caption-text gallery-caption' id='gallery-1-59'>\n\t\t\t\tSONY DSC\n\t\t\t\t<\/dd><\/dl><br style=\"clear: both\" \/><dl class='gallery-item'>\n\t\t\t<dt class='gallery-icon landscape'>\n\t\t\t\t<a href='https:\/\/karwodrza.pl\/sony-dsc-3\/'><img loading=\"lazy\" decoding=\"async\" width=\"150\" height=\"150\" src=\"https:\/\/karwodrza.pl\/wp-content\/uploads\/2017\/09\/DSC09133_resize-150x150.jpg\" class=\"attachment-thumbnail size-thumbnail\" alt=\"\" aria-describedby=\"gallery-1-60\" \/><\/a>\n\t\t\t<\/dt>\n\t\t\t\t<dd class='wp-caption-text gallery-caption' id='gallery-1-60'>\n\t\t\t\tSONY DSC\n\t\t\t\t<\/dd><\/dl><dl class='gallery-item'>\n\t\t\t<dt class='gallery-icon landscape'>\n\t\t\t\t<a href='https:\/\/karwodrza.pl\/sony-dsc-4\/'><img loading=\"lazy\" decoding=\"async\" width=\"150\" height=\"150\" src=\"https:\/\/karwodrza.pl\/wp-content\/uploads\/2017\/09\/DSC09134_resize-150x150.jpg\" class=\"attachment-thumbnail size-thumbnail\" alt=\"\" aria-describedby=\"gallery-1-61\" \/><\/a>\n\t\t\t<\/dt>\n\t\t\t\t<dd class='wp-caption-text gallery-caption' id='gallery-1-61'>\n\t\t\t\tSONY DSC\n\t\t\t\t<\/dd><\/dl><dl class='gallery-item'>\n\t\t\t<dt class='gallery-icon landscape'>\n\t\t\t\t<a href='https:\/\/karwodrza.pl\/sony-dsc-5\/'><img loading=\"lazy\" decoding=\"async\" width=\"150\" height=\"150\" src=\"https:\/\/karwodrza.pl\/wp-content\/uploads\/2017\/09\/DSC09135_resize-150x150.jpg\" class=\"attachment-thumbnail size-thumbnail\" alt=\"\" aria-describedby=\"gallery-1-62\" \/><\/a>\n\t\t\t<\/dt>\n\t\t\t\t<dd class='wp-caption-text gallery-caption' id='gallery-1-62'>\n\t\t\t\tSONY DSC\n\t\t\t\t<\/dd><\/dl><dl class='gallery-item'>\n\t\t\t<dt class='gallery-icon landscape'>\n\t\t\t\t<a href='https:\/\/karwodrza.pl\/sony-dsc-6\/'><img loading=\"lazy\" decoding=\"async\" width=\"150\" height=\"150\" src=\"https:\/\/karwodrza.pl\/wp-content\/uploads\/2017\/09\/DSC09137_resize-150x150.jpg\" class=\"attachment-thumbnail size-thumbnail\" alt=\"\" aria-describedby=\"gallery-1-63\" \/><\/a>\n\t\t\t<\/dt>\n\t\t\t\t<dd class='wp-caption-text gallery-caption' id='gallery-1-63'>\n\t\t\t\tSONY DSC\n\t\t\t\t<\/dd><\/dl><dl class='gallery-item'>\n\t\t\t<dt class='gallery-icon landscape'>\n\t\t\t\t<a href='https:\/\/karwodrza.pl\/sony-dsc-11\/'><img loading=\"lazy\" decoding=\"async\" width=\"150\" height=\"150\" src=\"https:\/\/karwodrza.pl\/wp-content\/uploads\/2017\/09\/DSC09164_resize-150x150.jpg\" class=\"attachment-thumbnail size-thumbnail\" alt=\"\" aria-describedby=\"gallery-1-68\" \/><\/a>\n\t\t\t<\/dt>\n\t\t\t\t<dd class='wp-caption-text gallery-caption' id='gallery-1-68'>\n\t\t\t\tSONY DSC\n\t\t\t\t<\/dd><\/dl><br style=\"clear: both\" \/><dl class='gallery-item'>\n\t\t\t<dt class='gallery-icon landscape'>\n\t\t\t\t<a href='https:\/\/karwodrza.pl\/sony-dsc-10\/'><img loading=\"lazy\" decoding=\"async\" width=\"150\" height=\"150\" src=\"https:\/\/karwodrza.pl\/wp-content\/uploads\/2017\/09\/DSC09163_resize-150x150.jpg\" class=\"attachment-thumbnail size-thumbnail\" alt=\"\" aria-describedby=\"gallery-1-67\" \/><\/a>\n\t\t\t<\/dt>\n\t\t\t\t<dd class='wp-caption-text gallery-caption' id='gallery-1-67'>\n\t\t\t\tSONY DSC\n\t\t\t\t<\/dd><\/dl><dl class='gallery-item'>\n\t\t\t<dt class='gallery-icon landscape'>\n\t\t\t\t<a href='https:\/\/karwodrza.pl\/sony-dsc-9\/'><img loading=\"lazy\" decoding=\"async\" width=\"150\" height=\"150\" src=\"https:\/\/karwodrza.pl\/wp-content\/uploads\/2017\/09\/DSC09160_resize-150x150.jpg\" class=\"attachment-thumbnail size-thumbnail\" alt=\"\" aria-describedby=\"gallery-1-66\" \/><\/a>\n\t\t\t<\/dt>\n\t\t\t\t<dd class='wp-caption-text gallery-caption' id='gallery-1-66'>\n\t\t\t\tSONY DSC\n\t\t\t\t<\/dd><\/dl><dl class='gallery-item'>\n\t\t\t<dt class='gallery-icon landscape'>\n\t\t\t\t<a href='https:\/\/karwodrza.pl\/sony-dsc-8\/'><img loading=\"lazy\" decoding=\"async\" width=\"150\" height=\"150\" src=\"https:\/\/karwodrza.pl\/wp-content\/uploads\/2017\/09\/DSC09148_resize-150x150.jpg\" class=\"attachment-thumbnail size-thumbnail\" alt=\"\" aria-describedby=\"gallery-1-65\" \/><\/a>\n\t\t\t<\/dt>\n\t\t\t\t<dd class='wp-caption-text gallery-caption' id='gallery-1-65'>\n\t\t\t\tSONY DSC\n\t\t\t\t<\/dd><\/dl><dl class='gallery-item'>\n\t\t\t<dt class='gallery-icon landscape'>\n\t\t\t\t<a href='https:\/\/karwodrza.pl\/sony-dsc-7\/'><img loading=\"lazy\" decoding=\"async\" width=\"150\" height=\"150\" src=\"https:\/\/karwodrza.pl\/wp-content\/uploads\/2017\/09\/DSC09140_resize-150x150.jpg\" class=\"attachment-thumbnail size-thumbnail\" alt=\"\" aria-describedby=\"gallery-1-64\" \/><\/a>\n\t\t\t<\/dt>\n\t\t\t\t<dd class='wp-caption-text gallery-caption' id='gallery-1-64'>\n\t\t\t\tSONY DSC\n\t\t\t\t<\/dd><\/dl><dl class='gallery-item'>\n\t\t\t<dt class='gallery-icon landscape'>\n\t\t\t\t<a href='https:\/\/karwodrza.pl\/sony-dsc-12\/'><img loading=\"lazy\" decoding=\"async\" width=\"150\" height=\"150\" src=\"https:\/\/karwodrza.pl\/wp-content\/uploads\/2017\/09\/DSC09169_resize-150x150.jpg\" class=\"attachment-thumbnail size-thumbnail\" alt=\"\" aria-describedby=\"gallery-1-69\" \/><\/a>\n\t\t\t<\/dt>\n\t\t\t\t<dd class='wp-caption-text gallery-caption' id='gallery-1-69'>\n\t\t\t\tSONY DSC\n\t\t\t\t<\/dd><\/dl><br style=\"clear: both\" \/><dl class='gallery-item'>\n\t\t\t<dt class='gallery-icon landscape'>\n\t\t\t\t<a href='https:\/\/karwodrza.pl\/sony-dsc-13\/'><img loading=\"lazy\" decoding=\"async\" width=\"150\" height=\"150\" src=\"https:\/\/karwodrza.pl\/wp-content\/uploads\/2017\/09\/DSC09173_resize-150x150.jpg\" class=\"attachment-thumbnail size-thumbnail\" alt=\"\" aria-describedby=\"gallery-1-70\" \/><\/a>\n\t\t\t<\/dt>\n\t\t\t\t<dd class='wp-caption-text gallery-caption' id='gallery-1-70'>\n\t\t\t\tSONY DSC\n\t\t\t\t<\/dd><\/dl><dl class='gallery-item'>\n\t\t\t<dt class='gallery-icon landscape'>\n\t\t\t\t<a href='https:\/\/karwodrza.pl\/sony-dsc-14\/'><img loading=\"lazy\" decoding=\"async\" width=\"150\" height=\"150\" src=\"https:\/\/karwodrza.pl\/wp-content\/uploads\/2017\/09\/DSC09182_resize-150x150.jpg\" class=\"attachment-thumbnail size-thumbnail\" alt=\"\" aria-describedby=\"gallery-1-71\" \/><\/a>\n\t\t\t<\/dt>\n\t\t\t\t<dd class='wp-caption-text gallery-caption' id='gallery-1-71'>\n\t\t\t\tSONY DSC\n\t\t\t\t<\/dd><\/dl><dl class='gallery-item'>\n\t\t\t<dt class='gallery-icon landscape'>\n\t\t\t\t<a href='https:\/\/karwodrza.pl\/sony-dsc-15\/'><img loading=\"lazy\" decoding=\"async\" width=\"150\" height=\"150\" src=\"https:\/\/karwodrza.pl\/wp-content\/uploads\/2017\/09\/DSC09184_resize-150x150.jpg\" class=\"attachment-thumbnail size-thumbnail\" alt=\"\" aria-describedby=\"gallery-1-72\" \/><\/a>\n\t\t\t<\/dt>\n\t\t\t\t<dd class='wp-caption-text gallery-caption' id='gallery-1-72'>\n\t\t\t\tSONY DSC\n\t\t\t\t<\/dd><\/dl><dl class='gallery-item'>\n\t\t\t<dt class='gallery-icon landscape'>\n\t\t\t\t<a href='https:\/\/karwodrza.pl\/sony-dsc-16\/'><img loading=\"lazy\" decoding=\"async\" width=\"150\" height=\"150\" src=\"https:\/\/karwodrza.pl\/wp-content\/uploads\/2017\/09\/DSC09185_resize-150x150.jpg\" class=\"attachment-thumbnail size-thumbnail\" alt=\"\" aria-describedby=\"gallery-1-73\" \/><\/a>\n\t\t\t<\/dt>\n\t\t\t\t<dd class='wp-caption-text gallery-caption' id='gallery-1-73'>\n\t\t\t\tSONY DSC\n\t\t\t\t<\/dd><\/dl>\n\t\t\t<br style='clear: both' \/>\n\t\t<\/div>\n\n","protected":false},"excerpt":{"rendered":"<p>Zima w Karwodrzy w obiektywie Pana Jana Gawrya\u0142a &#8211; 4 marca 2018 &nbsp; &nbsp; Weso\u0142ych \u015awi\u0105t Bo\u017cego Narodzenia i Szcz\u0119\u015bliwego Nowego 2018 Roku! &nbsp;<\/p>\n","protected":false},"author":2,"featured_media":0,"parent":0,"menu_order":0,"comment_status":"closed","ping_status":"closed","template":"","meta":{"footnotes":""},"class_list":["post-76","page","type-page","status-publish","hentry"],"_links":{"self":[{"href":"https:\/\/karwodrza.pl\/index.php\/wp-json\/wp\/v2\/pages\/76","targetHints":{"allow":["GET"]}}],"collection":[{"href":"https:\/\/karwodrza.pl\/index.php\/wp-json\/wp\/v2\/pages"}],"about":[{"href":"https:\/\/karwodrza.pl\/index.php\/wp-json\/wp\/v2\/types\/page"}],"author":[{"embeddable":true,"href":"https:\/\/karwodrza.pl\/index.php\/wp-json\/wp\/v2\/users\/2"}],"replies":[{"embeddable":true,"href":"https:\/\/karwodrza.pl\/index.php\/wp-json\/wp\/v2\/comments?post=76"}],"version-history":[{"count":12,"href":"https:\/\/karwodrza.pl\/index.php\/wp-json\/wp\/v2\/pages\/76\/revisions"}],"predecessor-version":[{"id":563,"href":"https:\/\/karwodrza.pl\/index.php\/wp-json\/wp\/v2\/pages\/76\/revisions\/563"}],"wp:attachment":[{"href":"https:\/\/karwodrza.pl\/index.php\/wp-json\/wp\/v2\/media?parent=76"}],"curies":[{"name":"wp","href":"https:\/\/api.w.org\/{rel}","templated":true}]}}