{"id":41,"date":"2017-09-17T18:11:19","date_gmt":"2017-09-17T16:11:19","guid":{"rendered":"http:\/\/karwodrza.pl\/?page_id=41"},"modified":"2025-10-29T07:41:29","modified_gmt":"2025-10-29T06:41:29","slug":"o-nas","status":"publish","type":"page","link":"https:\/\/karwodrza.pl\/index.php\/o-nas\/","title":{"rendered":"O Nas"},"content":{"rendered":"<h4 style=\"text-align: center;\">Zar\u00f3wno ta strona internetowa jak i profil &#8222;KARWODRZA &#8211; Stowarzyszenie Mi\u0142o\u015bnik\u00f3w Karwodrzy&#8221; na Facebook nale\u017c\u0105 do<\/h4>\n<h2 style=\"text-align: center;\"><span style=\"color: #000080;\"><strong>STOWARZYSZENIA MI\u0141O\u015aNIK\u00d3W KARWODRZY<\/strong><\/span><\/h2>\n<h4 style=\"text-align: center;\">i s\u0105 prowadzone przez ww. Stowarzyszenie w porozumieniu z So\u0142ectwem Karwodrza.<\/h4>\n<p><img loading=\"lazy\" decoding=\"async\" class=\" wp-image-2595 aligncenter\" src=\"https:\/\/karwodrza.pl\/wp-content\/uploads\/2023\/11\/SMK-nowe-LOGO-od-XI.2023-300x300.jpg\" alt=\"\" width=\"477\" height=\"477\" srcset=\"https:\/\/karwodrza.pl\/wp-content\/uploads\/2023\/11\/SMK-nowe-LOGO-od-XI.2023-300x300.jpg 300w, https:\/\/karwodrza.pl\/wp-content\/uploads\/2023\/11\/SMK-nowe-LOGO-od-XI.2023-1024x1024.jpg 1024w, https:\/\/karwodrza.pl\/wp-content\/uploads\/2023\/11\/SMK-nowe-LOGO-od-XI.2023-150x150.jpg 150w, https:\/\/karwodrza.pl\/wp-content\/uploads\/2023\/11\/SMK-nowe-LOGO-od-XI.2023-768x768.jpg 768w, https:\/\/karwodrza.pl\/wp-content\/uploads\/2023\/11\/SMK-nowe-LOGO-od-XI.2023-1536x1536.jpg 1536w, https:\/\/karwodrza.pl\/wp-content\/uploads\/2023\/11\/SMK-nowe-LOGO-od-XI.2023-270x270.jpg 270w, https:\/\/karwodrza.pl\/wp-content\/uploads\/2023\/11\/SMK-nowe-LOGO-od-XI.2023.jpg 1586w\" sizes=\"auto, (max-width: 477px) 100vw, 477px\" \/><\/p>\n<p><span style=\"color: #000000;\">Kontakt do administratora:<\/span><\/p>\n<p><span style=\"color: #000000;\"><strong>\u0141ukasz W\u0142odarz<\/strong><\/span><\/p>\n<p><span style=\"color: #000000;\">email: lukaszwlodarz@interia.pl<\/span><\/p>\n<p><span style=\"color: #000000;\">tel. 696-475-090<\/span><\/p>\n<p><span style=\"color: #000000;\">Zapraszamy na nasz profil na Facebook<\/span> &#8211;<\/p>\n<p><a href=\"https:\/\/www.facebook.com\/Karwodrza-155413864997778\/\"><img loading=\"lazy\" decoding=\"async\" class=\"size-medium wp-image-88 aligncenter\" src=\"https:\/\/karwodrza.pl\/wp-content\/uploads\/2017\/09\/facebook-logo_0-300x137.png\" alt=\"\" width=\"300\" height=\"137\" srcset=\"https:\/\/karwodrza.pl\/wp-content\/uploads\/2017\/09\/facebook-logo_0-300x137.png 300w, https:\/\/karwodrza.pl\/wp-content\/uploads\/2017\/09\/facebook-logo_0-768x350.png 768w, https:\/\/karwodrza.pl\/wp-content\/uploads\/2017\/09\/facebook-logo_0-592x270.png 592w, https:\/\/karwodrza.pl\/wp-content\/uploads\/2017\/09\/facebook-logo_0.png 809w\" sizes=\"auto, (max-width: 300px) 100vw, 300px\" \/><\/a><\/p>\n\n\n<p><\/p>\n\n\n\n<p class=\"has-text-align-center has-black-color has-text-color has-link-color wp-elements-cb0d1ea95c95677ce24c7249b2ce956b\"><strong>HISTORIA KARWODRZY:<\/strong><\/p>\n\n\n\n<p class=\"has-text-align-left has-black-color has-text-color has-link-color wp-elements-5ce5dc9e3f84701bb29058506f07ef37\">Jan D\u0142ugosz w statystycznym opisie beneficj\u00f3w w Ma\u0142opolsce wymienia Karwodrz\u0119 jako wiosk\u0119 szlacheck\u0105, nale\u017c\u0105c\u0105 do parafii piotrkowickiej. Le\u017c\u0105ca po p\u00f3\u0142nocnej stronie Tuchowa na jednym z wzniesie\u0144 Pog\u00f3rza Ci\u0119\u017ckowickiego wie\u015b Karwodrza powsta\u0142a zapewne na prze\u0142omie XIV i XV wieku. Ale po raz pierwszy odnotowana zosta\u0142a w 1435 roku jako w\u0142asno\u015b\u0107 Marcina \u201ede Carvodrza\u201d. Pi\u0119\u0107 lat p\u00f3\u017aniej jako jej dziedzic wyst\u0105pi\u0142 Jan Baranowski herbu Grzyma\u0142a. W roku 1470 \u00f3w Jan przekaza\u0142 j\u0105, wraz z kilkoma s\u0105siednimi wsiami, za 1600 grzywien i wie\u015b Drzykow\u0105 w powiecie s\u0105deckim, Miko\u0142ajowi Nanajce z Wielog\u0142\u00f3w herbu Staryko\u0144. Od tego czasu przez blisko sto lat Karwodrza wraz z istniej\u0105cym tu folwarkiem nale\u017ca\u0142a do rodziny Wielog\u0142owskich. P\u00f3\u017aniej do\u015b\u0107 cz\u0119sto przechodzi\u0142a z r\u0105k do r\u0105k a\u017c w ko\u0144cu XVIII wieku przesz\u0142a w posiadanie rodziny Niemyskich, kt\u00f3rzy jako pierwsi jej dziedzice osiedli w wybudowanym tu dworze. W 1830 roku wzmiankowany jest Florian Niemyski, kt\u00f3ry zgin\u0105\u0142 podczas \u201erzezi galicyjskiej\u201d 1846 roku z r\u0105k gromady ch\u0142op\u00f3w z Zab\u0142\u0119dzy. Kilka dni p\u00f3\u017aniej zabity zosta\u0142 te\u017c jego syn Julian, szukaj\u0105cy schronienia w Jastrz\u0119biej. W 1854 roku maj\u0105tek w Karwodrzy wraz z drewnianym dworem Niemyskich kupili pochodz\u0105cy z W\u0119gier Karol i Petronella Berk\u00e9. Po nich maj\u0105tek odziedziczy\u0142 w 1891 roku syn Karol Jan. On to, uko\u0144czywszy wiede\u0144sk\u0105 wy\u017csz\u0105 szko\u0142\u0119 rolnicz\u0105, jeszcze za \u017cycia rodzic\u00f3w zacz\u0105\u0142 wprowadza\u0107 w Karwodrzy nowoczesne sposoby gospodarowania. Jako pierwszy w tej cz\u0119\u015bci ziemi tarnowskiej za\u0142o\u017cy\u0142 stadnin\u0119 koni, winnic\u0119, sad morelowy, hodowl\u0119 jedwabnik\u00f3w, a ponadto zbudowa\u0142 m\u0142yn, tartak, wodoci\u0105g oraz cegielni\u0119, w oparciu o kt\u00f3r\u0105 wzni\u00f3s\u0142 w swoim maj\u0105tku nowe budynki gospodarcze, dw\u00f3r (1885) oraz przydworsk\u0105 kaplic\u0119. Udziela\u0142 si\u0119 tak\u017ce spo\u0142ecznie, pe\u0142ni\u0105c funkcj\u0119 zast\u0119pcy prezesa Towarzystwa Gimnastycznego \u201eSok\u00f3\u0142\u201d w Tuchowie. W 1892 roku maj\u0105tek w Karwodrzy przej\u0105\u0142 jego syn, Eustachy Zbigniew Berk\u00e9, w r\u0119kach kt\u00f3rego maj\u0105tek pozostawa\u0142 do zako\u0144czenia drugiej wojny \u015bwiatowej. W roku 1946 dw\u00f3r wraz z ca\u0142ym maj\u0105tkiem zosta\u0142 przej\u0119ty przez Skarb Pa\u0144stwa. Grunty rolne rozparcelowano, a we dworze mie\u015bci\u0142y si\u0119 biura miejscowego k\u00f3\u0142ka rolniczego, przez jaki\u015b czas tak\u017ce szko\u0142a. W latach 70. XX wieku dw\u00f3r wraz z parkiem z zabudowaniami gospodarczymi zosta\u0142 przej\u0119ty przez wydzia\u0142 zdrowia UW w Tarnowie i zaadaptowany na funkcjonuj\u0105cy do dnia dzisiejszego Pa\u0144stwowy Dom Pomocy Spo\u0142ecznej.<\/p>\n\n\n\n<figure class=\"wp-block-image size-large\"><img loading=\"lazy\" decoding=\"async\" width=\"724\" height=\"1024\" src=\"https:\/\/karwodrza.pl\/wp-content\/uploads\/2025\/10\/SMK-Info-.jpg-v.2-X.2025-724x1024.jpg\" alt=\"\" class=\"wp-image-3768\" srcset=\"https:\/\/karwodrza.pl\/wp-content\/uploads\/2025\/10\/SMK-Info-.jpg-v.2-X.2025-724x1024.jpg 724w, https:\/\/karwodrza.pl\/wp-content\/uploads\/2025\/10\/SMK-Info-.jpg-v.2-X.2025-212x300.jpg 212w, https:\/\/karwodrza.pl\/wp-content\/uploads\/2025\/10\/SMK-Info-.jpg-v.2-X.2025-768x1086.jpg 768w, https:\/\/karwodrza.pl\/wp-content\/uploads\/2025\/10\/SMK-Info-.jpg-v.2-X.2025-1086x1536.jpg 1086w, https:\/\/karwodrza.pl\/wp-content\/uploads\/2025\/10\/SMK-Info-.jpg-v.2-X.2025-1024x1448.jpg 1024w, https:\/\/karwodrza.pl\/wp-content\/uploads\/2025\/10\/SMK-Info-.jpg-v.2-X.2025-764x1080.jpg 764w, https:\/\/karwodrza.pl\/wp-content\/uploads\/2025\/10\/SMK-Info-.jpg-v.2-X.2025.jpg 1241w\" sizes=\"auto, (max-width: 724px) 100vw, 724px\" \/><\/figure>\n\n\n\n<figure class=\"wp-block-gallery has-nested-images columns-1 is-cropped wp-block-gallery-1 is-layout-flex wp-block-gallery-is-layout-flex\">\n<figure class=\"wp-block-image size-large\"><img loading=\"lazy\" decoding=\"async\" width=\"724\" height=\"1024\" data-id=\"3759\" src=\"https:\/\/karwodrza.pl\/wp-content\/uploads\/2025\/10\/Nowy-statut-Stowarzyszenia-Milosnikow-Karwodrzy_page-0001-724x1024.jpg\" alt=\"\" class=\"wp-image-3759\" srcset=\"https:\/\/karwodrza.pl\/wp-content\/uploads\/2025\/10\/Nowy-statut-Stowarzyszenia-Milosnikow-Karwodrzy_page-0001-724x1024.jpg 724w, https:\/\/karwodrza.pl\/wp-content\/uploads\/2025\/10\/Nowy-statut-Stowarzyszenia-Milosnikow-Karwodrzy_page-0001-212x300.jpg 212w, https:\/\/karwodrza.pl\/wp-content\/uploads\/2025\/10\/Nowy-statut-Stowarzyszenia-Milosnikow-Karwodrzy_page-0001-768x1086.jpg 768w, https:\/\/karwodrza.pl\/wp-content\/uploads\/2025\/10\/Nowy-statut-Stowarzyszenia-Milosnikow-Karwodrzy_page-0001-1086x1536.jpg 1086w, https:\/\/karwodrza.pl\/wp-content\/uploads\/2025\/10\/Nowy-statut-Stowarzyszenia-Milosnikow-Karwodrzy_page-0001-1024x1448.jpg 1024w, https:\/\/karwodrza.pl\/wp-content\/uploads\/2025\/10\/Nowy-statut-Stowarzyszenia-Milosnikow-Karwodrzy_page-0001-764x1080.jpg 764w, https:\/\/karwodrza.pl\/wp-content\/uploads\/2025\/10\/Nowy-statut-Stowarzyszenia-Milosnikow-Karwodrzy_page-0001.jpg 1241w\" sizes=\"auto, (max-width: 724px) 100vw, 724px\" \/><\/figure>\n\n\n\n<figure class=\"wp-block-image size-large\"><img loading=\"lazy\" decoding=\"async\" width=\"724\" height=\"1024\" data-id=\"3756\" src=\"https:\/\/karwodrza.pl\/wp-content\/uploads\/2025\/10\/Nowy-statut-Stowarzyszenia-Milosnikow-Karwodrzy_page-0002-724x1024.jpg\" alt=\"\" class=\"wp-image-3756\" srcset=\"https:\/\/karwodrza.pl\/wp-content\/uploads\/2025\/10\/Nowy-statut-Stowarzyszenia-Milosnikow-Karwodrzy_page-0002-724x1024.jpg 724w, https:\/\/karwodrza.pl\/wp-content\/uploads\/2025\/10\/Nowy-statut-Stowarzyszenia-Milosnikow-Karwodrzy_page-0002-212x300.jpg 212w, https:\/\/karwodrza.pl\/wp-content\/uploads\/2025\/10\/Nowy-statut-Stowarzyszenia-Milosnikow-Karwodrzy_page-0002-768x1086.jpg 768w, https:\/\/karwodrza.pl\/wp-content\/uploads\/2025\/10\/Nowy-statut-Stowarzyszenia-Milosnikow-Karwodrzy_page-0002-1086x1536.jpg 1086w, https:\/\/karwodrza.pl\/wp-content\/uploads\/2025\/10\/Nowy-statut-Stowarzyszenia-Milosnikow-Karwodrzy_page-0002-1024x1448.jpg 1024w, https:\/\/karwodrza.pl\/wp-content\/uploads\/2025\/10\/Nowy-statut-Stowarzyszenia-Milosnikow-Karwodrzy_page-0002-764x1080.jpg 764w, https:\/\/karwodrza.pl\/wp-content\/uploads\/2025\/10\/Nowy-statut-Stowarzyszenia-Milosnikow-Karwodrzy_page-0002.jpg 1241w\" sizes=\"auto, (max-width: 724px) 100vw, 724px\" \/><\/figure>\n\n\n\n<figure class=\"wp-block-image size-large\"><img loading=\"lazy\" decoding=\"async\" width=\"724\" height=\"1024\" data-id=\"3757\" src=\"https:\/\/karwodrza.pl\/wp-content\/uploads\/2025\/10\/Nowy-statut-Stowarzyszenia-Milosnikow-Karwodrzy_page-0003-724x1024.jpg\" alt=\"\" class=\"wp-image-3757\" srcset=\"https:\/\/karwodrza.pl\/wp-content\/uploads\/2025\/10\/Nowy-statut-Stowarzyszenia-Milosnikow-Karwodrzy_page-0003-724x1024.jpg 724w, https:\/\/karwodrza.pl\/wp-content\/uploads\/2025\/10\/Nowy-statut-Stowarzyszenia-Milosnikow-Karwodrzy_page-0003-212x300.jpg 212w, https:\/\/karwodrza.pl\/wp-content\/uploads\/2025\/10\/Nowy-statut-Stowarzyszenia-Milosnikow-Karwodrzy_page-0003-768x1086.jpg 768w, https:\/\/karwodrza.pl\/wp-content\/uploads\/2025\/10\/Nowy-statut-Stowarzyszenia-Milosnikow-Karwodrzy_page-0003-1086x1536.jpg 1086w, https:\/\/karwodrza.pl\/wp-content\/uploads\/2025\/10\/Nowy-statut-Stowarzyszenia-Milosnikow-Karwodrzy_page-0003-1024x1448.jpg 1024w, https:\/\/karwodrza.pl\/wp-content\/uploads\/2025\/10\/Nowy-statut-Stowarzyszenia-Milosnikow-Karwodrzy_page-0003-764x1080.jpg 764w, https:\/\/karwodrza.pl\/wp-content\/uploads\/2025\/10\/Nowy-statut-Stowarzyszenia-Milosnikow-Karwodrzy_page-0003.jpg 1241w\" sizes=\"auto, (max-width: 724px) 100vw, 724px\" \/><\/figure>\n\n\n\n<figure class=\"wp-block-image size-large\"><img loading=\"lazy\" decoding=\"async\" width=\"724\" height=\"1024\" data-id=\"3758\" src=\"https:\/\/karwodrza.pl\/wp-content\/uploads\/2025\/10\/Nowy-statut-Stowarzyszenia-Milosnikow-Karwodrzy_page-0004-724x1024.jpg\" alt=\"\" class=\"wp-image-3758\" srcset=\"https:\/\/karwodrza.pl\/wp-content\/uploads\/2025\/10\/Nowy-statut-Stowarzyszenia-Milosnikow-Karwodrzy_page-0004-724x1024.jpg 724w, https:\/\/karwodrza.pl\/wp-content\/uploads\/2025\/10\/Nowy-statut-Stowarzyszenia-Milosnikow-Karwodrzy_page-0004-212x300.jpg 212w, https:\/\/karwodrza.pl\/wp-content\/uploads\/2025\/10\/Nowy-statut-Stowarzyszenia-Milosnikow-Karwodrzy_page-0004-768x1086.jpg 768w, https:\/\/karwodrza.pl\/wp-content\/uploads\/2025\/10\/Nowy-statut-Stowarzyszenia-Milosnikow-Karwodrzy_page-0004-1086x1536.jpg 1086w, https:\/\/karwodrza.pl\/wp-content\/uploads\/2025\/10\/Nowy-statut-Stowarzyszenia-Milosnikow-Karwodrzy_page-0004-1024x1448.jpg 1024w, https:\/\/karwodrza.pl\/wp-content\/uploads\/2025\/10\/Nowy-statut-Stowarzyszenia-Milosnikow-Karwodrzy_page-0004-764x1080.jpg 764w, https:\/\/karwodrza.pl\/wp-content\/uploads\/2025\/10\/Nowy-statut-Stowarzyszenia-Milosnikow-Karwodrzy_page-0004.jpg 1241w\" sizes=\"auto, (max-width: 724px) 100vw, 724px\" \/><\/figure>\n\n\n\n<figure class=\"wp-block-image size-large\"><img loading=\"lazy\" decoding=\"async\" width=\"724\" height=\"1024\" data-id=\"3760\" src=\"https:\/\/karwodrza.pl\/wp-content\/uploads\/2025\/10\/Nowy-statut-Stowarzyszenia-Milosnikow-Karwodrzy_page-0005-724x1024.jpg\" alt=\"\" class=\"wp-image-3760\" srcset=\"https:\/\/karwodrza.pl\/wp-content\/uploads\/2025\/10\/Nowy-statut-Stowarzyszenia-Milosnikow-Karwodrzy_page-0005-724x1024.jpg 724w, https:\/\/karwodrza.pl\/wp-content\/uploads\/2025\/10\/Nowy-statut-Stowarzyszenia-Milosnikow-Karwodrzy_page-0005-212x300.jpg 212w, https:\/\/karwodrza.pl\/wp-content\/uploads\/2025\/10\/Nowy-statut-Stowarzyszenia-Milosnikow-Karwodrzy_page-0005-768x1086.jpg 768w, https:\/\/karwodrza.pl\/wp-content\/uploads\/2025\/10\/Nowy-statut-Stowarzyszenia-Milosnikow-Karwodrzy_page-0005-1086x1536.jpg 1086w, https:\/\/karwodrza.pl\/wp-content\/uploads\/2025\/10\/Nowy-statut-Stowarzyszenia-Milosnikow-Karwodrzy_page-0005-1024x1448.jpg 1024w, https:\/\/karwodrza.pl\/wp-content\/uploads\/2025\/10\/Nowy-statut-Stowarzyszenia-Milosnikow-Karwodrzy_page-0005-764x1080.jpg 764w, https:\/\/karwodrza.pl\/wp-content\/uploads\/2025\/10\/Nowy-statut-Stowarzyszenia-Milosnikow-Karwodrzy_page-0005.jpg 1241w\" sizes=\"auto, (max-width: 724px) 100vw, 724px\" \/><\/figure>\n\n\n\n<figure class=\"wp-block-image size-large\"><img loading=\"lazy\" decoding=\"async\" width=\"724\" height=\"1024\" data-id=\"3761\" src=\"https:\/\/karwodrza.pl\/wp-content\/uploads\/2025\/10\/Nowy-statut-Stowarzyszenia-Milosnikow-Karwodrzy_page-0006-724x1024.jpg\" alt=\"\" class=\"wp-image-3761\" srcset=\"https:\/\/karwodrza.pl\/wp-content\/uploads\/2025\/10\/Nowy-statut-Stowarzyszenia-Milosnikow-Karwodrzy_page-0006-724x1024.jpg 724w, https:\/\/karwodrza.pl\/wp-content\/uploads\/2025\/10\/Nowy-statut-Stowarzyszenia-Milosnikow-Karwodrzy_page-0006-212x300.jpg 212w, https:\/\/karwodrza.pl\/wp-content\/uploads\/2025\/10\/Nowy-statut-Stowarzyszenia-Milosnikow-Karwodrzy_page-0006-768x1086.jpg 768w, https:\/\/karwodrza.pl\/wp-content\/uploads\/2025\/10\/Nowy-statut-Stowarzyszenia-Milosnikow-Karwodrzy_page-0006-1086x1536.jpg 1086w, https:\/\/karwodrza.pl\/wp-content\/uploads\/2025\/10\/Nowy-statut-Stowarzyszenia-Milosnikow-Karwodrzy_page-0006-1024x1448.jpg 1024w, https:\/\/karwodrza.pl\/wp-content\/uploads\/2025\/10\/Nowy-statut-Stowarzyszenia-Milosnikow-Karwodrzy_page-0006-764x1080.jpg 764w, https:\/\/karwodrza.pl\/wp-content\/uploads\/2025\/10\/Nowy-statut-Stowarzyszenia-Milosnikow-Karwodrzy_page-0006.jpg 1241w\" sizes=\"auto, (max-width: 724px) 100vw, 724px\" \/><\/figure>\n\n\n\n<figure class=\"wp-block-image size-large\"><img loading=\"lazy\" decoding=\"async\" width=\"724\" height=\"1024\" data-id=\"3762\" src=\"https:\/\/karwodrza.pl\/wp-content\/uploads\/2025\/10\/Nowy-statut-Stowarzyszenia-Milosnikow-Karwodrzy_page-0007-724x1024.jpg\" alt=\"\" class=\"wp-image-3762\" srcset=\"https:\/\/karwodrza.pl\/wp-content\/uploads\/2025\/10\/Nowy-statut-Stowarzyszenia-Milosnikow-Karwodrzy_page-0007-724x1024.jpg 724w, https:\/\/karwodrza.pl\/wp-content\/uploads\/2025\/10\/Nowy-statut-Stowarzyszenia-Milosnikow-Karwodrzy_page-0007-212x300.jpg 212w, https:\/\/karwodrza.pl\/wp-content\/uploads\/2025\/10\/Nowy-statut-Stowarzyszenia-Milosnikow-Karwodrzy_page-0007-768x1086.jpg 768w, https:\/\/karwodrza.pl\/wp-content\/uploads\/2025\/10\/Nowy-statut-Stowarzyszenia-Milosnikow-Karwodrzy_page-0007-1086x1536.jpg 1086w, https:\/\/karwodrza.pl\/wp-content\/uploads\/2025\/10\/Nowy-statut-Stowarzyszenia-Milosnikow-Karwodrzy_page-0007-1024x1448.jpg 1024w, https:\/\/karwodrza.pl\/wp-content\/uploads\/2025\/10\/Nowy-statut-Stowarzyszenia-Milosnikow-Karwodrzy_page-0007-764x1080.jpg 764w, https:\/\/karwodrza.pl\/wp-content\/uploads\/2025\/10\/Nowy-statut-Stowarzyszenia-Milosnikow-Karwodrzy_page-0007.jpg 1241w\" sizes=\"auto, (max-width: 724px) 100vw, 724px\" \/><\/figure>\n<\/figure>\n","protected":false},"excerpt":{"rendered":"<p>Zar\u00f3wno ta strona internetowa jak i profil &#8222;KARWODRZA &#8211; Stowarzyszenie Mi\u0142o\u015bnik\u00f3w Karwodrzy&#8221; na Facebook nale\u017c\u0105 do STOWARZYSZENIA MI\u0141O\u015aNIK\u00d3W KARWODRZY i s\u0105 prowadzone przez ww. Stowarzyszenie w porozumieniu z So\u0142ectwem Karwodrza. Kontakt do administratora: \u0141ukasz W\u0142odarz email: lukaszwlodarz@interia.pl tel. 696-475-090 Zapraszamy na nasz profil na Facebook &#8211; HISTORIA KARWODRZY: Jan D\u0142ugosz w statystycznym opisie beneficj\u00f3w w&hellip; <br \/> <a class=\"read-more\" href=\"https:\/\/karwodrza.pl\/index.php\/o-nas\/\">Dowiedz si\u0119 wi\u0119cej<\/a><\/p>\n","protected":false},"author":2,"featured_media":0,"parent":0,"menu_order":0,"comment_status":"closed","ping_status":"closed","template":"","meta":{"footnotes":""},"class_list":["post-41","page","type-page","status-publish","hentry"],"_links":{"self":[{"href":"https:\/\/karwodrza.pl\/index.php\/wp-json\/wp\/v2\/pages\/41","targetHints":{"allow":["GET"]}}],"collection":[{"href":"https:\/\/karwodrza.pl\/index.php\/wp-json\/wp\/v2\/pages"}],"about":[{"href":"https:\/\/karwodrza.pl\/index.php\/wp-json\/wp\/v2\/types\/page"}],"author":[{"embeddable":true,"href":"https:\/\/karwodrza.pl\/index.php\/wp-json\/wp\/v2\/users\/2"}],"replies":[{"embeddable":true,"href":"https:\/\/karwodrza.pl\/index.php\/wp-json\/wp\/v2\/comments?post=41"}],"version-history":[{"count":24,"href":"https:\/\/karwodrza.pl\/index.php\/wp-json\/wp\/v2\/pages\/41\/revisions"}],"predecessor-version":[{"id":3769,"href":"https:\/\/karwodrza.pl\/index.php\/wp-json\/wp\/v2\/pages\/41\/revisions\/3769"}],"wp:attachment":[{"href":"https:\/\/karwodrza.pl\/index.php\/wp-json\/wp\/v2\/media?parent=41"}],"curies":[{"name":"wp","href":"https:\/\/api.w.org\/{rel}","templated":true}]}}