{"id":32,"date":"2017-09-17T17:56:46","date_gmt":"2017-09-17T15:56:46","guid":{"rendered":"http:\/\/karwodrza.pl\/?page_id=32"},"modified":"2019-11-24T18:50:18","modified_gmt":"2019-11-24T17:50:18","slug":"przyjaciele-2","status":"publish","type":"page","link":"https:\/\/karwodrza.pl\/index.php\/przyjaciele-2\/","title":{"rendered":"Przyjaciele"},"content":{"rendered":"<p style=\"text-align: center;\"><strong>Tu b\u0119d\u0105 odno\u015bniki do naszych przyjaci\u00f3\u0142.<\/strong><\/p>\n<p>1. Ochotnicza Stra\u017c Po\u017carna w Karwodrzy &#8211; <a href=\"https:\/\/www.facebook.com\/OSP-Karwodrza-1611183779150749\/\">https:\/\/www.facebook.com\/OSP-Karwodrza-1611183779150749<\/a><\/p>\n<p><img loading=\"lazy\" decoding=\"async\" class=\" wp-image-1851 aligncenter\" src=\"https:\/\/karwodrza.pl\/wp-content\/uploads\/2019\/11\/11403476_1611937942408666_8982105060368430326_n-300x300.jpg\" alt=\"\" width=\"152\" height=\"152\" srcset=\"https:\/\/karwodrza.pl\/wp-content\/uploads\/2019\/11\/11403476_1611937942408666_8982105060368430326_n-300x300.jpg 300w, https:\/\/karwodrza.pl\/wp-content\/uploads\/2019\/11\/11403476_1611937942408666_8982105060368430326_n-150x150.jpg 150w, https:\/\/karwodrza.pl\/wp-content\/uploads\/2019\/11\/11403476_1611937942408666_8982105060368430326_n-768x768.jpg 768w, https:\/\/karwodrza.pl\/wp-content\/uploads\/2019\/11\/11403476_1611937942408666_8982105060368430326_n-270x270.jpg 270w, https:\/\/karwodrza.pl\/wp-content\/uploads\/2019\/11\/11403476_1611937942408666_8982105060368430326_n.jpg 960w\" sizes=\"auto, (max-width: 152px) 100vw, 152px\" \/><\/p>\n<p>2. Dom Pomocy Spo\u0142ecznej Karwodrza &#8211; <a href=\"http:\/\/www.dpskarwodrza.pl\/\">http:\/\/www.dpskarwodrza.pl\/<\/a><\/p>\n<p>3. Warsztat Terapii Zaj\u0119ciowej &#8211; <a href=\"https:\/\/www.facebook.com\/Wtzkarwodrza\/\">https:\/\/www.facebook.com\/Wtzkarwodrza\/<\/a><\/p>\n<p>4. Inicjatywa Powietrze Tuch\u00f3w &#8211; <a href=\"http:\/\/www.powietrzetuchow.pl\">www.powietrzetuchow.pl<\/a><\/p>\n<p><a href=\"http:\/\/www.powietrzetuchow.pl\"><img loading=\"lazy\" decoding=\"async\" class=\"wp-image-83 size-thumbnail aligncenter\" src=\"https:\/\/karwodrza.pl\/wp-content\/uploads\/2017\/09\/1-150x150.jpg\" alt=\"Powietrze Tuchow\" width=\"150\" height=\"150\" \/><\/a><\/p>\n<p>5. Sebastian Czapli\u0144ski &#8211; blog<\/p>\n<p><a href=\"http:\/\/sebastianczaplinski.pl\"><img loading=\"lazy\" decoding=\"async\" class=\"size-medium wp-image-191 aligncenter\" src=\"https:\/\/karwodrza.pl\/wp-content\/uploads\/2017\/09\/22689862_1647795668597852_2077094257_o-300x60.jpg\" alt=\"\" width=\"300\" height=\"60\" srcset=\"https:\/\/karwodrza.pl\/wp-content\/uploads\/2017\/09\/22689862_1647795668597852_2077094257_o-300x60.jpg 300w, https:\/\/karwodrza.pl\/wp-content\/uploads\/2017\/09\/22689862_1647795668597852_2077094257_o-768x153.jpg 768w, https:\/\/karwodrza.pl\/wp-content\/uploads\/2017\/09\/22689862_1647795668597852_2077094257_o-604x121.jpg 604w, https:\/\/karwodrza.pl\/wp-content\/uploads\/2017\/09\/22689862_1647795668597852_2077094257_o.jpg 1002w\" sizes=\"auto, (max-width: 300px) 100vw, 300px\" \/><\/a><\/p>\n<p>6. Portal Burzyn.pl<\/p>\n<p><a href=\"http:\/\/burzyn.pl\/\"><img loading=\"lazy\" decoding=\"async\" class=\"alignnone size-medium wp-image-224 aligncenter\" src=\"https:\/\/karwodrza.pl\/wp-content\/uploads\/2017\/09\/logo1-300x91.png\" alt=\"\" width=\"300\" height=\"91\" srcset=\"https:\/\/karwodrza.pl\/wp-content\/uploads\/2017\/09\/logo1-300x91.png 300w, https:\/\/karwodrza.pl\/wp-content\/uploads\/2017\/09\/logo1.png 312w\" sizes=\"auto, (max-width: 300px) 100vw, 300px\" \/><\/a><\/p>\n<p>7. Rescold, Rzesz\u00f3w<\/p>\n<p><a href=\"http:\/\/www.rescold.pl\/\"><img loading=\"lazy\" decoding=\"async\" class=\"size-medium wp-image-378 aligncenter\" src=\"https:\/\/karwodrza.pl\/wp-content\/uploads\/2018\/01\/photo-300x300.png\" alt=\"\" width=\"300\" height=\"300\" srcset=\"https:\/\/karwodrza.pl\/wp-content\/uploads\/2018\/01\/photo-300x300.png 300w, https:\/\/karwodrza.pl\/wp-content\/uploads\/2018\/01\/photo-150x150.png 150w, https:\/\/karwodrza.pl\/wp-content\/uploads\/2018\/01\/photo-270x270.png 270w, https:\/\/karwodrza.pl\/wp-content\/uploads\/2018\/01\/photo.png 400w\" sizes=\"auto, (max-width: 300px) 100vw, 300px\" \/><\/a><\/p>\n<p>8. ITGogola<\/p>\n<p><a href=\"http:\/\/www.itgogola.pl\/\"><br \/>\n<img loading=\"lazy\" decoding=\"async\" class=\"alignnone size-medium wp-image-802 aligncenter\" src=\"https:\/\/karwodrza.pl\/wp-content\/uploads\/2018\/05\/itgogola-300x181.png\" alt=\"\" width=\"300\" height=\"181\" srcset=\"https:\/\/karwodrza.pl\/wp-content\/uploads\/2018\/05\/itgogola-300x181.png 300w, https:\/\/karwodrza.pl\/wp-content\/uploads\/2018\/05\/itgogola-768x464.png 768w, https:\/\/karwodrza.pl\/wp-content\/uploads\/2018\/05\/itgogola-1024x618.png 1024w, https:\/\/karwodrza.pl\/wp-content\/uploads\/2018\/05\/itgogola-447x270.png 447w, https:\/\/karwodrza.pl\/wp-content\/uploads\/2018\/05\/itgogola.png 1052w\" sizes=\"auto, (max-width: 300px) 100vw, 300px\" \/><\/a><\/p>\n<p>9. <a href=\"http:\/\/www.mikos.pl\/korepetycje-angielski-tuchow\/\">Mikos.pl<\/a><\/p>\n<p>10. <a href=\"http:\/\/www.piotrkowice.pl\">Piotrkowice.pl\u00a0<\/a><\/p>\n","protected":false},"excerpt":{"rendered":"<p>Tu b\u0119d\u0105 odno\u015bniki do naszych przyjaci\u00f3\u0142. 1. Ochotnicza Stra\u017c Po\u017carna w Karwodrzy &#8211; https:\/\/www.facebook.com\/OSP-Karwodrza-1611183779150749 2. Dom Pomocy Spo\u0142ecznej Karwodrza &#8211; http:\/\/www.dpskarwodrza.pl\/ 3. Warsztat Terapii Zaj\u0119ciowej &#8211; https:\/\/www.facebook.com\/Wtzkarwodrza\/ 4. Inicjatywa Powietrze Tuch\u00f3w &#8211; www.powietrzetuchow.pl 5. Sebastian Czapli\u0144ski &#8211; blog 6. Portal Burzyn.pl 7. Rescold, Rzesz\u00f3w 8. ITGogola 9. Mikos.pl 10. Piotrkowice.pl\u00a0<\/p>\n","protected":false},"author":2,"featured_media":0,"parent":0,"menu_order":0,"comment_status":"closed","ping_status":"closed","template":"","meta":{"footnotes":""},"class_list":["post-32","page","type-page","status-publish","hentry"],"_links":{"self":[{"href":"https:\/\/karwodrza.pl\/index.php\/wp-json\/wp\/v2\/pages\/32","targetHints":{"allow":["GET"]}}],"collection":[{"href":"https:\/\/karwodrza.pl\/index.php\/wp-json\/wp\/v2\/pages"}],"about":[{"href":"https:\/\/karwodrza.pl\/index.php\/wp-json\/wp\/v2\/types\/page"}],"author":[{"embeddable":true,"href":"https:\/\/karwodrza.pl\/index.php\/wp-json\/wp\/v2\/users\/2"}],"replies":[{"embeddable":true,"href":"https:\/\/karwodrza.pl\/index.php\/wp-json\/wp\/v2\/comments?post=32"}],"version-history":[{"count":21,"href":"https:\/\/karwodrza.pl\/index.php\/wp-json\/wp\/v2\/pages\/32\/revisions"}],"predecessor-version":[{"id":1853,"href":"https:\/\/karwodrza.pl\/index.php\/wp-json\/wp\/v2\/pages\/32\/revisions\/1853"}],"wp:attachment":[{"href":"https:\/\/karwodrza.pl\/index.php\/wp-json\/wp\/v2\/media?parent=32"}],"curies":[{"name":"wp","href":"https:\/\/api.w.org\/{rel}","templated":true}]}}