{"id":303,"date":"2017-12-08T21:42:36","date_gmt":"2017-12-08T20:42:36","guid":{"rendered":"http:\/\/karwodrza.pl\/?page_id=303"},"modified":"2019-04-16T09:04:13","modified_gmt":"2019-04-16T07:04:13","slug":"smk","status":"publish","type":"page","link":"https:\/\/karwodrza.pl\/index.php\/smk\/","title":{"rendered":"SMK"},"content":{"rendered":"<p style=\"text-align: center;\">Szanowni Pa\u0144stwo.<br>\nKilka dni temu w naszej miejscowo\u015bci powsta\u0142o STOWARZYSZENIE MI\u0141O\u015aNIK\u00d3W KARWODRZY.<br>\nPoni\u017cej znajdziecie Pa\u0144stwo podstawowe informacje o powsta\u0142ym Stowarzyszeniu, oraz jego regulamin.<br>\nJe\u015bli jest Ci bliska nasza miejscowo\u015b\u0107 &#8211; Karwodrza, to zapraszamy do naszego Stowarzyszenia, bo wychodzimy z za\u0142o\u017cenia, \u017ce zgoda, dialog i wsp\u00f3\u0142praca BUDUJ\u0104!<span class=\"text_exposed_show\"><br>\nOd dnia powstania STOWARZYSZENIA MI\u0141O\u015aNIK\u00d3W KARWODRZY, jest ono r\u00f3wnie\u017c organem prowadz\u0105cy zar\u00f3wno stron\u0119&nbsp;<a href=\"https:\/\/l.facebook.com\/l.php?u=http%3A%2F%2Fwww.karwodrza.pl%2F&amp;h=ATMsjt3IW-Dz5QSJ2ypeTs8LBjGxxMBJMdCYHLVI8z1kNIxLPg9W7jA1QucOCDL93WtqrEBSMZJ6vgH1EzsuoDW7ixgwGbvprs_66cGJ3qQEb_Mi9TkGVI8Qu6HRXla5QSJ3NkmIsIiPr7Y08rMZeGAVNasKk0bfoiP8nXut5Bj_imxv0N4F6_MMX59jrctz8bJHaVzQTAkRA0TERGwL-g_csqxU-QC36IGoCp8II4l7xPPtFXgjoRoDAFm7wXTN_UHfAeic47axiUVh0S7WLQm_prYpjkZ32dRbzm9t8w\" target=\"_blank\" rel=\"noopener nofollow noreferrer\" data-ft=\"{&quot;tn&quot;:&quot;-U&quot;}\" data-lynx-mode=\"async\">www.karwodrza.pl<\/a>, profil miejscowo\u015bci na Facebook, oraz wszystkie przysz\u0142e spotkania, imprezy i eventy organizowane z inicjatywy ww. Stowarzyszenia.<\/span><\/p>\n<p><img loading=\"lazy\" decoding=\"async\" class=\"aligncenter wp-image-330 size-full\" src=\"https:\/\/karwodrza.pl\/wp-content\/uploads\/2017\/12\/SMK-Info.jpg\" alt=\"\" width=\"1240\" height=\"1754\" srcset=\"https:\/\/karwodrza.pl\/wp-content\/uploads\/2017\/12\/SMK-Info.jpg 1240w, https:\/\/karwodrza.pl\/wp-content\/uploads\/2017\/12\/SMK-Info-212x300.jpg 212w, https:\/\/karwodrza.pl\/wp-content\/uploads\/2017\/12\/SMK-Info-768x1086.jpg 768w, https:\/\/karwodrza.pl\/wp-content\/uploads\/2017\/12\/SMK-Info-724x1024.jpg 724w, https:\/\/karwodrza.pl\/wp-content\/uploads\/2017\/12\/SMK-Info-191x270.jpg 191w\" sizes=\"auto, (max-width: 1240px) 100vw, 1240px\" \/><\/p>\n<p>&#8212;&#8212;&#8212;&#8212;&#8212;&#8212;&#8212;&#8212;&#8212;&#8212;&#8212;&#8212;&#8212;&#8212;&#8212;&#8212;&#8212;&#8212;&#8212;&#8212;&#8212;&#8212;&#8212;&#8212;&#8212;&#8212;&#8212;&#8212;&#8212;&#8212;&#8212;&#8212;&#8212;&#8212;&#8212;&#8212;&#8212;&#8212;&#8212;&#8212;&#8212;&#8212;&#8212;&#8212;&#8212;&#8211;\n<\/p><p style=\"text-align: center;\"><img loading=\"lazy\" decoding=\"async\" class=\"aligncenter wp-image-313 size-full\" src=\"https:\/\/karwodrza.pl\/wp-content\/uploads\/2017\/12\/Regulamin1.jpg\" alt=\"\" width=\"1240\" height=\"1754\" srcset=\"https:\/\/karwodrza.pl\/wp-content\/uploads\/2017\/12\/Regulamin1.jpg 1240w, https:\/\/karwodrza.pl\/wp-content\/uploads\/2017\/12\/Regulamin1-212x300.jpg 212w, https:\/\/karwodrza.pl\/wp-content\/uploads\/2017\/12\/Regulamin1-768x1086.jpg 768w, https:\/\/karwodrza.pl\/wp-content\/uploads\/2017\/12\/Regulamin1-724x1024.jpg 724w, https:\/\/karwodrza.pl\/wp-content\/uploads\/2017\/12\/Regulamin1-191x270.jpg 191w\" sizes=\"auto, (max-width: 1240px) 100vw, 1240px\" \/><\/p>\n<p>&#8212;&#8212;&#8212;&#8212;&#8212;&#8212;&#8212;&#8212;&#8212;&#8212;&#8212;&#8212;&#8212;&#8212;&#8212;&#8212;&#8212;&#8212;&#8212;&#8212;&#8212;&#8212;&#8212;&#8212;&#8212;&#8212;&#8212;&#8212;&#8212;&#8212;&#8212;&#8212;&#8212;&#8212;&#8212;&#8212;&#8212;&#8212;&#8212;&#8212;&#8212;&#8212;&#8212;&#8212;&#8212;&#8211;\n<\/p><p style=\"text-align: center;\"><img loading=\"lazy\" decoding=\"async\" class=\"aligncenter wp-image-314 size-full\" src=\"https:\/\/karwodrza.pl\/wp-content\/uploads\/2017\/12\/Regulamin2.jpg\" alt=\"\" width=\"1240\" height=\"1754\" srcset=\"https:\/\/karwodrza.pl\/wp-content\/uploads\/2017\/12\/Regulamin2.jpg 1240w, https:\/\/karwodrza.pl\/wp-content\/uploads\/2017\/12\/Regulamin2-212x300.jpg 212w, https:\/\/karwodrza.pl\/wp-content\/uploads\/2017\/12\/Regulamin2-768x1086.jpg 768w, https:\/\/karwodrza.pl\/wp-content\/uploads\/2017\/12\/Regulamin2-724x1024.jpg 724w, https:\/\/karwodrza.pl\/wp-content\/uploads\/2017\/12\/Regulamin2-191x270.jpg 191w\" sizes=\"auto, (max-width: 1240px) 100vw, 1240px\" \/><\/p>\n<p>&#8212;&#8212;&#8212;&#8212;&#8212;&#8212;&#8212;&#8212;&#8212;&#8212;&#8212;&#8212;&#8212;&#8212;&#8212;&#8212;&#8212;&#8212;&#8212;&#8212;&#8212;&#8212;&#8212;&#8212;&#8212;&#8212;&#8212;&#8212;&#8212;&#8212;&#8212;&#8212;&#8212;&#8212;&#8212;&#8212;&#8212;&#8212;&#8212;&#8212;&#8212;&#8212;&#8212;&#8212;&#8212;&#8211;\n<\/p><p style=\"text-align: center;\"><img loading=\"lazy\" decoding=\"async\" class=\"aligncenter wp-image-315 size-full\" src=\"https:\/\/karwodrza.pl\/wp-content\/uploads\/2017\/12\/Regulamin3.jpg\" alt=\"\" width=\"1240\" height=\"1754\" srcset=\"https:\/\/karwodrza.pl\/wp-content\/uploads\/2017\/12\/Regulamin3.jpg 1240w, https:\/\/karwodrza.pl\/wp-content\/uploads\/2017\/12\/Regulamin3-212x300.jpg 212w, https:\/\/karwodrza.pl\/wp-content\/uploads\/2017\/12\/Regulamin3-768x1086.jpg 768w, https:\/\/karwodrza.pl\/wp-content\/uploads\/2017\/12\/Regulamin3-724x1024.jpg 724w, https:\/\/karwodrza.pl\/wp-content\/uploads\/2017\/12\/Regulamin3-191x270.jpg 191w\" sizes=\"auto, (max-width: 1240px) 100vw, 1240px\" \/><\/p>\n<p style=\"text-align: center;\"><img loading=\"lazy\" decoding=\"async\" class=\"aligncenter wp-image-316 size-large\" src=\"https:\/\/karwodrza.pl\/wp-content\/uploads\/2017\/12\/stowarzyszenie-1024x420.jpg\" alt=\"\" width=\"640\" height=\"263\" srcset=\"https:\/\/karwodrza.pl\/wp-content\/uploads\/2017\/12\/stowarzyszenie-1024x420.jpg 1024w, https:\/\/karwodrza.pl\/wp-content\/uploads\/2017\/12\/stowarzyszenie-300x123.jpg 300w, https:\/\/karwodrza.pl\/wp-content\/uploads\/2017\/12\/stowarzyszenie-768x315.jpg 768w, https:\/\/karwodrza.pl\/wp-content\/uploads\/2017\/12\/stowarzyszenie-604x247.jpg 604w, https:\/\/karwodrza.pl\/wp-content\/uploads\/2017\/12\/stowarzyszenie.jpg 1911w\" sizes=\"auto, (max-width: 640px) 100vw, 640px\" \/><\/p>\n<p>&nbsp;<br>\n<\/p><h3 style=\"text-align: center;\"><span style=\"color: #000080;\"><strong>Do\u0142\u0105cz do nas! Zosta\u0144 cz\u0142onkiem Stowarzyszenia Mi\u0142o\u015bnik\u00f3w Karwodrzy.<\/strong><\/span><\/h3>\n<h3 style=\"text-align: center;\"><span style=\"color: #000080;\"><strong>Wype\u0142nij deklaracj\u0119 przyst\u0105pienia i dostarcz nam j\u0105.<\/strong><\/span><\/h3>\n<h3 style=\"text-align: center;\"><span style=\"color: #000080;\"><strong>ZAPRASZAMY&nbsp; \ud83d\ude42<\/strong><\/span><\/h3>\n<p>&nbsp;<\/p>\n<p>&#8212;&#8212;&#8212;&#8212;&#8212;&#8212;&#8212;&#8212;&#8212;&#8212;&#8212;&#8212;&#8212;&#8212;&#8212;&#8212;&#8212;&#8212;&#8212;&#8212;&#8212;&#8212;&#8212;&#8212;&#8212;&#8212;&#8212;&#8212;&#8212;&#8212;&#8212;&#8212;&#8212;&#8212;&#8212;&#8212;&#8212;&#8212;&#8212;&#8212;&#8212;&#8212;&#8212;&#8212;&#8212;&#8211;<\/p>\n<p><img loading=\"lazy\" decoding=\"async\" class=\"aligncenter wp-image-336 size-full\" src=\"https:\/\/karwodrza.pl\/wp-content\/uploads\/2017\/12\/Document-page-001.jpg\" alt=\"\" width=\"1240\" height=\"1754\" srcset=\"https:\/\/karwodrza.pl\/wp-content\/uploads\/2017\/12\/Document-page-001.jpg 1240w, https:\/\/karwodrza.pl\/wp-content\/uploads\/2017\/12\/Document-page-001-212x300.jpg 212w, https:\/\/karwodrza.pl\/wp-content\/uploads\/2017\/12\/Document-page-001-768x1086.jpg 768w, https:\/\/karwodrza.pl\/wp-content\/uploads\/2017\/12\/Document-page-001-724x1024.jpg 724w, https:\/\/karwodrza.pl\/wp-content\/uploads\/2017\/12\/Document-page-001-191x270.jpg 191w\" sizes=\"auto, (max-width: 1240px) 100vw, 1240px\" \/><\/p>\n<p>&#8212;&#8212;&#8212;&#8212;&#8212;&#8212;&#8212;&#8212;&#8212;&#8212;&#8212;&#8212;&#8212;&#8212;&#8212;&#8212;&#8212;&#8212;&#8212;&#8212;&#8212;&#8212;&#8212;&#8212;&#8212;&#8212;&#8212;&#8212;&#8212;&#8212;&#8212;&#8212;&#8212;&#8212;&#8212;&#8212;&#8212;&#8212;&#8212;&#8212;&#8212;&#8212;&#8212;&#8212;&#8212;&#8211;<br>\n<\/p><h3 style=\"text-align: center;\"><span style=\"color: #800000;\">Dnia 29.12.2017 odby\u0142o si\u0119 Walne Zebranie Cz\u0142onk\u00f3w Za\u0142o\u017cycieli Stowarzyszenia Mi\u0142o\u015bnik\u00f3w Karwodrzy.<\/span><\/h3>\n<h3 style=\"text-align: center;\"><span style=\"color: #800000;\">Podsumowano rok 2017 i ustalono plany na 2018 rok. O planach wkr\u00f3tce na stornie internetowej i na profilu na FB.<\/span><\/h3>\n<h3 style=\"text-align: center;\"><span style=\"color: #800000;\">Ustalono r\u00f3wnie\u017c wysoko\u015b\u0107 sk\u0142adek cz\u0142onkowskich na 2018 rok i wynosi ona 20 z\u0142 rocznie. Forma op\u0142acenia &#8211; wp\u0142ata na konto.<\/span><\/h3>\n<h3 style=\"text-align: center;\"><span style=\"color: #800000;\">Poni\u017cej skan uchwa\u0142y okre\u015blaj\u0105cej wysoko\u015b\u0107 sk\u0142adki cz\u0142onkowskiej na 2018 rok.<\/span><\/h3>\n<p>&nbsp;<\/p>\n<p>&#8212;&#8212;&#8212;&#8212;&#8212;&#8212;&#8212;&#8212;&#8212;&#8212;&#8212;&#8212;&#8212;&#8212;&#8212;&#8212;&#8212;&#8212;&#8212;&#8212;&#8212;&#8212;&#8212;&#8212;&#8212;&#8212;&#8212;&#8212;&#8212;&#8212;&#8212;&#8212;&#8212;&#8212;&#8212;&#8212;&#8212;&#8212;&#8212;&#8212;&#8212;&#8212;&#8212;&#8212;&#8212;&#8211;<\/p>\n<p>&nbsp;<\/p>\n<p><img loading=\"lazy\" decoding=\"async\" class=\"alignnone wp-image-353 size-full\" src=\"https:\/\/karwodrza.pl\/wp-content\/uploads\/2018\/01\/Uchwa\u0142a-1.2017-SMK-o-wysoko\u015bci-sk\u0142adek-cz\u0142onkowskich-na-2018-r-podpisana-skan.jpg\" alt=\"\" width=\"1641\" height=\"2271\" srcset=\"https:\/\/karwodrza.pl\/wp-content\/uploads\/2018\/01\/Uchwa\u0142a-1.2017-SMK-o-wysoko\u015bci-sk\u0142adek-cz\u0142onkowskich-na-2018-r-podpisana-skan.jpg 1641w, https:\/\/karwodrza.pl\/wp-content\/uploads\/2018\/01\/Uchwa\u0142a-1.2017-SMK-o-wysoko\u015bci-sk\u0142adek-cz\u0142onkowskich-na-2018-r-podpisana-skan-217x300.jpg 217w, https:\/\/karwodrza.pl\/wp-content\/uploads\/2018\/01\/Uchwa\u0142a-1.2017-SMK-o-wysoko\u015bci-sk\u0142adek-cz\u0142onkowskich-na-2018-r-podpisana-skan-768x1063.jpg 768w, https:\/\/karwodrza.pl\/wp-content\/uploads\/2018\/01\/Uchwa\u0142a-1.2017-SMK-o-wysoko\u015bci-sk\u0142adek-cz\u0142onkowskich-na-2018-r-podpisana-skan-740x1024.jpg 740w, https:\/\/karwodrza.pl\/wp-content\/uploads\/2018\/01\/Uchwa\u0142a-1.2017-SMK-o-wysoko\u015bci-sk\u0142adek-cz\u0142onkowskich-na-2018-r-podpisana-skan-195x270.jpg 195w\" sizes=\"auto, (max-width: 1641px) 100vw, 1641px\" \/><\/p>\n\n\n<p style=\"text-align:center\"><strong>Sk\u0142adka cz\u0142onkowska na 2019 rok nie uleg\u0142a zmianie i wynosi 20 z\u0142.<\/strong><\/p>\n","protected":false},"excerpt":{"rendered":"<p>Szanowni Pa\u0144stwo. Kilka dni temu w naszej miejscowo\u015bci powsta\u0142o STOWARZYSZENIE MI\u0141O\u015aNIK\u00d3W KARWODRZY. Poni\u017cej znajdziecie Pa\u0144stwo podstawowe informacje o powsta\u0142ym Stowarzyszeniu, oraz jego regulamin. Je\u015bli jest Ci bliska nasza miejscowo\u015b\u0107 &#8211; Karwodrza, to zapraszamy do naszego Stowarzyszenia, bo wychodzimy z za\u0142o\u017cenia, \u017ce zgoda, dialog i wsp\u00f3\u0142praca BUDUJ\u0104! Od dnia powstania STOWARZYSZENIA MI\u0141O\u015aNIK\u00d3W KARWODRZY, jest ono r\u00f3wnie\u017c&hellip; <br \/> <a class=\"read-more\" href=\"https:\/\/karwodrza.pl\/index.php\/smk\/\">Dowiedz si\u0119 wi\u0119cej<\/a><\/p>\n","protected":false},"author":2,"featured_media":0,"parent":0,"menu_order":0,"comment_status":"closed","ping_status":"closed","template":"","meta":{"footnotes":""},"class_list":["post-303","page","type-page","status-publish","hentry"],"_links":{"self":[{"href":"https:\/\/karwodrza.pl\/index.php\/wp-json\/wp\/v2\/pages\/303","targetHints":{"allow":["GET"]}}],"collection":[{"href":"https:\/\/karwodrza.pl\/index.php\/wp-json\/wp\/v2\/pages"}],"about":[{"href":"https:\/\/karwodrza.pl\/index.php\/wp-json\/wp\/v2\/types\/page"}],"author":[{"embeddable":true,"href":"https:\/\/karwodrza.pl\/index.php\/wp-json\/wp\/v2\/users\/2"}],"replies":[{"embeddable":true,"href":"https:\/\/karwodrza.pl\/index.php\/wp-json\/wp\/v2\/comments?post=303"}],"version-history":[{"count":7,"href":"https:\/\/karwodrza.pl\/index.php\/wp-json\/wp\/v2\/pages\/303\/revisions"}],"predecessor-version":[{"id":1605,"href":"https:\/\/karwodrza.pl\/index.php\/wp-json\/wp\/v2\/pages\/303\/revisions\/1605"}],"wp:attachment":[{"href":"https:\/\/karwodrza.pl\/index.php\/wp-json\/wp\/v2\/media?parent=303"}],"curies":[{"name":"wp","href":"https:\/\/api.w.org\/{rel}","templated":true}]}}