{"id":2705,"date":"2024-03-27T11:22:08","date_gmt":"2024-03-27T10:22:08","guid":{"rendered":"https:\/\/karwodrza.pl\/?page_id=2705"},"modified":"2025-12-29T19:43:40","modified_gmt":"2025-12-29T18:43:40","slug":"soltys-i-rada-solecka","status":"publish","type":"page","link":"https:\/\/karwodrza.pl\/index.php\/soltys-i-rada-solecka\/","title":{"rendered":"Radny, so\u0142tys i rada so\u0142ecka"},"content":{"rendered":"\n<p class=\"has-black-color has-text-color has-link-color wp-elements-15142ccef8b2e47a08661985a2d6e3af\"><strong>Radny Rady Miejskiej w Tuchowie okr\u0119g Karwodrza i Trzemesna, oraz So\u0142tys i Rada So\u0142ecka Karwodrzy.<\/strong><\/p>\n\n\n\n<p class=\"has-black-color has-text-color has-link-color wp-elements-88f7ee1b4d64a02b5fd90e713bcef665\"><strong>Kadencja 2024-2029:<\/strong><\/p>\n\n\n\n<p>_______________<\/p>\n\n\n\n<p class=\"has-black-color has-text-color has-link-color wp-elements-9de22917308b27ad18ac8bdadbab1cd3\"><strong>Radny Rady Miejskiej w Tuchowie:<\/strong> <strong>\u0141ukasz W\u0142odarz<\/strong><\/p>\n\n\n\n<p class=\"has-black-color has-text-color has-link-color wp-elements-f4fa7b83cabdc991de8a591e30211eb3\">Kontakt:<\/p>\n\n\n\n<p class=\"has-black-color has-text-color has-link-color wp-elements-e5a4bdda376c397ea289aac6354d27fa\">tel. 696-475-090<\/p>\n\n\n\n<p class=\"has-black-color has-text-color has-link-color wp-elements-6f658b1e01e8bbc0e2cbca5d091afce8\">mail: l.wlodarz@tuchow.pl<\/p>\n\n\n\n<p>_______________<\/p>\n\n\n\n<p class=\"has-black-color has-text-color has-link-color wp-elements-4bb327bc4908b992d9992bdbe83e94d3\"><strong>So\u0142tys Karwodrzy:<\/strong> <strong>Micha\u0142 Mikos<\/strong><\/p>\n\n\n\n<p class=\"has-black-color has-text-color has-link-color wp-elements-859e58fa66e20a4555c11e7ecc6a96fb\">Kontakt: <\/p>\n\n\n\n<p class=\"has-black-color has-text-color has-link-color wp-elements-2e33fffb57d59075a6ab295189fdada6\">tel. 511-470-626<\/p>\n\n\n\n<p class=\"has-black-color has-text-color has-link-color wp-elements-7091dd2b865e9ecbbe83642801a86d77\">mail: radakarwodrza@gmail.com<\/p>\n\n\n\n<p>_______________<\/p>\n\n\n\n<p class=\"has-black-color has-text-color has-link-color wp-elements-b1876cd9d85a329820451adb5f965fb5\"><strong>Cz\u0142onkowie Rady So\u0142eckiej Karwodrzy:<\/strong><\/p>\n\n\n\n<p class=\"has-black-color has-text-color has-link-color wp-elements-6a1779a2e4fcfb7df54b1ce7f65adc48\">Ryszard Budzik<\/p>\n\n\n\n<p class=\"has-black-color has-text-color has-link-color wp-elements-03b60a476425b2d20a9e4cca2c4bfa74\">Aleksander Gawrya\u0142<\/p>\n\n\n\n<p class=\"has-black-color has-text-color has-link-color wp-elements-6b3f16accb5919e1bb405dd65a2053da\">Jan Gawrya\u0142<\/p>\n\n\n\n<p class=\"has-black-color has-text-color has-link-color wp-elements-87cfba8a67cf84031c64d7dca0482b0a\">Albert Krzemie\u0144<\/p>\n\n\n\n<p class=\"has-black-color has-text-color has-link-color wp-elements-81ce7a7a0c76982b864a8df5cc913a7b\">Miros\u0142aw Popardowski<\/p>\n\n\n\n<p class=\"has-black-color has-text-color has-link-color wp-elements-cb2c23037223e4eb041742ad8af9e06c\">Danuta Skr\u0119\u017cyna<\/p>\n\n\n\n<p class=\"has-black-color has-text-color has-link-color wp-elements-9aff59d75225facf7fcf23d501b5369c\">Marcin Skrzek<\/p>\n\n\n\n<p>_______________<\/p>\n\n\n\n<p class=\"has-black-color has-text-color has-link-color wp-elements-7ec2655b8a56f4ab563eae548fc80954\">Informujemy, \u017ce w ka\u017cdy trzeci pi\u0105tek miesi\u0105ca (poza lipcem gdy jest urlop), w Domu Stra\u017caka w Karwodrzy, w godzinach od 17:00 do 19:00, swoje dy\u017cury dla mieszka\u0144c\u00f3w b\u0119d\u0105 pe\u0142ni\u0107 radny Rady Miejskiej \u0141ukasz W\u0142odarz i so\u0142tys Karwodrzy Micha\u0142 Mikos.<\/p>\n\n\n\n<p class=\"has-black-color has-text-color has-link-color wp-elements-c2ae9348b526a2a0a9fdffe557a4260f\"><strong>W roku 2026 b\u0119d\u0105 to dni: 16.I, 20.II, 20.III, 17.IV, 15.V, 19.VI, 21.VIII, 18.IX, 16.X, 20.XI i 18.XII.<\/strong><\/p>\n","protected":false},"excerpt":{"rendered":"<p>Radny Rady Miejskiej w Tuchowie okr\u0119g Karwodrza i Trzemesna, oraz So\u0142tys i Rada So\u0142ecka Karwodrzy. Kadencja 2024-2029: _______________ Radny Rady Miejskiej w Tuchowie: \u0141ukasz W\u0142odarz Kontakt: tel. 696-475-090 mail: l.wlodarz@tuchow.pl _______________ So\u0142tys Karwodrzy: Micha\u0142 Mikos Kontakt: tel. 511-470-626 mail: radakarwodrza@gmail.com _______________ Cz\u0142onkowie Rady So\u0142eckiej Karwodrzy: Ryszard Budzik Aleksander Gawrya\u0142 Jan Gawrya\u0142 Albert Krzemie\u0144 Miros\u0142aw Popardowski&hellip; <br \/> <a class=\"read-more\" href=\"https:\/\/karwodrza.pl\/index.php\/soltys-i-rada-solecka\/\">Dowiedz si\u0119 wi\u0119cej<\/a><\/p>\n","protected":false},"author":2,"featured_media":0,"parent":0,"menu_order":0,"comment_status":"closed","ping_status":"closed","template":"","meta":{"footnotes":""},"class_list":["post-2705","page","type-page","status-publish","hentry"],"_links":{"self":[{"href":"https:\/\/karwodrza.pl\/index.php\/wp-json\/wp\/v2\/pages\/2705","targetHints":{"allow":["GET"]}}],"collection":[{"href":"https:\/\/karwodrza.pl\/index.php\/wp-json\/wp\/v2\/pages"}],"about":[{"href":"https:\/\/karwodrza.pl\/index.php\/wp-json\/wp\/v2\/types\/page"}],"author":[{"embeddable":true,"href":"https:\/\/karwodrza.pl\/index.php\/wp-json\/wp\/v2\/users\/2"}],"replies":[{"embeddable":true,"href":"https:\/\/karwodrza.pl\/index.php\/wp-json\/wp\/v2\/comments?post=2705"}],"version-history":[{"count":19,"href":"https:\/\/karwodrza.pl\/index.php\/wp-json\/wp\/v2\/pages\/2705\/revisions"}],"predecessor-version":[{"id":3861,"href":"https:\/\/karwodrza.pl\/index.php\/wp-json\/wp\/v2\/pages\/2705\/revisions\/3861"}],"wp:attachment":[{"href":"https:\/\/karwodrza.pl\/index.php\/wp-json\/wp\/v2\/media?parent=2705"}],"curies":[{"name":"wp","href":"https:\/\/api.w.org\/{rel}","templated":true}]}}